{"id":23,"date":"2026-03-18T02:01:24","date_gmt":"2026-03-18T02:01:24","guid":{"rendered":"https:\/\/josebet03.paginas-web-cr.com\/?page_id=23"},"modified":"2026-04-15T02:25:23","modified_gmt":"2026-04-15T02:25:23","slug":"blog-support-team","status":"publish","type":"page","link":"https:\/\/josebet03.paginas-web-cr.com\/","title":{"rendered":"Blog Support Team"},"content":{"rendered":"\n<div class=\"wp-block-group alignfull has-global-padding is-layout-constrained wp-block-group-is-layout-constrained\" style=\"margin-top:0;margin-bottom:0\">\n<div class=\"wp-block-columns alignfull is-layout-flex wp-container-core-columns-is-layout-9c22b1e3 wp-block-columns-is-layout-flex\">\n<div class=\"wp-block-column is-layout-flow wp-block-column-is-layout-flow\" style=\"flex-basis:55%\">\n<div style=\"aspect-ratio:1;min-height:unset;\" class=\"wp-block-cover is-light has-aspect-ratio\"><img loading=\"lazy\" decoding=\"async\" width=\"1024\" height=\"620\" class=\"wp-block-cover__image-background wp-image-104 size-large\" alt=\"\" src=\"https:\/\/josebet03.paginas-web-cr.com\/wp-content\/uploads\/2026\/04\/1-1024x620.jpg\" data-object-fit=\"cover\" srcset=\"https:\/\/josebet03.paginas-web-cr.com\/wp-content\/uploads\/2026\/04\/1-1024x620.jpg 1024w, https:\/\/josebet03.paginas-web-cr.com\/wp-content\/uploads\/2026\/04\/1-300x182.jpg 300w, https:\/\/josebet03.paginas-web-cr.com\/wp-content\/uploads\/2026\/04\/1-768x465.jpg 768w, https:\/\/josebet03.paginas-web-cr.com\/wp-content\/uploads\/2026\/04\/1-1536x930.jpg 1536w, https:\/\/josebet03.paginas-web-cr.com\/wp-content\/uploads\/2026\/04\/1.jpg 1800w\" sizes=\"auto, (max-width: 1024px) 100vw, 1024px\" \/><span aria-hidden=\"true\" class=\"wp-block-cover__background has-background-dim-0 has-background-dim\" style=\"background-color:#9a8277\"><\/span><div class=\"wp-block-cover__inner-container is-layout-flow wp-block-cover-is-layout-flow\">\n<div style=\"height:var(--wp--preset--spacing--20)\" aria-hidden=\"true\" class=\"wp-block-spacer\"><\/div>\n<\/div><\/div>\n<\/div>\n\n\n\n<div class=\"wp-block-column is-vertically-aligned-center is-layout-flow wp-block-column-is-layout-flow\" style=\"padding-top:var(--wp--preset--spacing--60);padding-right:var(--wp--preset--spacing--60);padding-bottom:var(--wp--preset--spacing--60);padding-left:var(--wp--preset--spacing--60)\">\n<h2 class=\"wp-block-heading has-xx-large-font-size\">Bienvenido\/a al blog <strong>Support Team<\/strong><\/h2>\n\n\n\n<p>Este proyecto recopila consultas reales de usuarios de WordPress y ofrece gu\u00edas pr\u00e1cticas, claras y organizadas para que otros puedan resolver problemas similares con mayor facilidad.<br>Aqu\u00ed encontrar\u00e1s soluciones r\u00e1pidas y sencillas a los retos m\u00e1s comunes de WordPress.<\/p>\n<\/div>\n<\/div>\n<\/div>\n\n\n\n<div class=\"wp-block-group alignfull has-global-padding is-layout-constrained wp-container-core-group-is-layout-54af5b55 wp-block-group-is-layout-constrained\" id=\"categorias\" style=\"margin-top:0;margin-bottom:0;padding-top:var(--wp--preset--spacing--60);padding-bottom:var(--wp--preset--spacing--60)\">\n<h2 class=\"wp-block-heading alignwide has-text-align-center has-x-large-font-size\"><strong>Explora nuestras gu\u00edas de WordPress<\/strong> <\/h2>\n\n\n\n<p class=\"has-text-align-center\">Accede directamente a la categor\u00eda que necesites y encuentra soluciones pr\u00e1cticas.<\/p>\n\n\n\n<div class=\"wp-block-buttons alignwide has-custom-font-size has-medium-font-size is-content-justification-center is-layout-flex wp-container-core-buttons-is-layout-c124d1c4 wp-block-buttons-is-layout-flex\">\n<div class=\"wp-block-button\"><a class=\"wp-block-button__link wp-element-button\">Temas y Dise\u00f1os<\/a><\/div>\n\n\n\n<div class=\"wp-block-button\"><a class=\"wp-block-button__link wp-element-button\" href=\"https:\/\/josebet03.paginas-web-cr.com\/errores-frecuentes\/\">Errores Frecuentes<\/a><\/div>\n\n\n\n<div class=\"wp-block-button\"><a class=\"wp-block-button__link wp-element-button\">Seguridad y Rendimiento<\/a><\/div>\n\n\n\n<div class=\"wp-block-button\"><a class=\"wp-block-button__link wp-element-button\">Instalaci\u00f3n y Configuraci\u00f3n<\/a><\/div>\n\n\n\n<div class=\"wp-block-button\"><a class=\"wp-block-button__link wp-element-button\">Instalar Plugin<\/a><\/div>\n\n\n\n<div class=\"wp-block-button\"><a class=\"wp-block-button__link wp-element-button\">Recursos y Descargas<\/a><\/div>\n\n\n\n<div class=\"wp-block-button\"><a class=\"wp-block-button__link wp-element-button\">Gu\u00edas Avanzadas<\/a><\/div>\n\n\n\n<div class=\"wp-block-button\"><a class=\"wp-block-button__link wp-element-button\">Soporte T\u00e9cnico<\/a><\/div>\n\n\n\n<div class=\"wp-block-button\"><a class=\"wp-block-button__link wp-element-button\">Compatibilidad<\/a><\/div>\n\n\n\n<div class=\"wp-block-button\"><a class=\"wp-block-button__link wp-element-button\">Actualizaciones y Mantenimiento<\/a><\/div>\n<\/div>\n<\/div>\n\n\n\n<aside class=\"wp-block-group alignfull is-style-section-3 has-accent-6-background-color has-background has-global-padding is-layout-constrained wp-container-core-group-is-layout-f0f2a97b wp-block-group-is-layout-constrained is-style-section-3--1\" style=\"margin-top:0;margin-bottom:0;padding-top:var(--wp--preset--spacing--50);padding-right:var(--wp--preset--spacing--50);padding-bottom:var(--wp--preset--spacing--50);padding-left:var(--wp--preset--spacing--50)\">\n<div class=\"wp-block-group is-vertical is-content-justification-center is-layout-flex wp-container-core-group-is-layout-8778ca4a wp-block-group-is-layout-flex\" style=\"min-height:360px;margin-top:0;margin-bottom:0\">\n<h2 class=\"wp-block-heading has-text-align-center has-xx-large-font-size\"><strong>Conoce mucho m\u00e1s de nosotros<\/strong><\/h2>\n\n\n\n<p class=\"has-text-align-center is-style-text-subtitle is-style-text-subtitle--2\">Conoce la historia detr\u00e1s de este proyecto y el equipo que lo hace posible.<\/p>\n\n\n\n<div style=\"height:0px\" aria-hidden=\"true\" class=\"wp-block-spacer wp-container-content-62aae154\"><\/div>\n\n\n\n<div class=\"wp-block-buttons is-content-justification-center is-layout-flex wp-container-core-buttons-is-layout-a89b3969 wp-block-buttons-is-layout-flex\">\n<div class=\"wp-block-button\"><a class=\"wp-block-button__link has-text-align-center wp-element-button\" href=\"https:\/\/josebet03.paginas-web-cr.com\/?page_id=101\">( Ir a About Us )<\/a><\/div>\n<\/div>\n<\/div>\n<\/aside>\n\n\n\n<div class=\"wp-block-group is-vertical is-content-justification-center is-layout-flex wp-container-core-group-is-layout-8778ca4a wp-block-group-is-layout-flex\" style=\"min-height:360px;margin-top:0;margin-bottom:0\">\n<h2 class=\"wp-block-heading has-text-align-center has-xx-large-font-size\"><strong>\u00c1rea a aportar<\/strong><\/h2>\n\n\n\n<p class=\"has-text-align-center is-style-text-subtitle is-style-text-subtitle--3\">Blog Support Team \u2014 Gu\u00edas pr\u00e1cticas de WordPress<\/p>\n\n\n\n<div style=\"height:0px\" aria-hidden=\"true\" class=\"wp-block-spacer wp-container-content-62aae154\"><\/div>\n\n\n\n<div class=\"wp-block-buttons is-content-justification-center is-layout-flex wp-container-core-buttons-is-layout-a89b3969 wp-block-buttons-is-layout-flex\"><\/div>\n<\/div>\n","protected":false},"excerpt":{"rendered":"<p>Bienvenido\/a al blog Support Team Este proyecto recopila consultas reales de usuarios de WordPress y ofrece gu\u00edas pr\u00e1cticas, claras y organizadas para que otros puedan resolver problemas similares con mayor facilidad.Aqu\u00ed encontrar\u00e1s soluciones r\u00e1pidas y sencillas a los retos m\u00e1s comunes de WordPress. Explora nuestras gu\u00edas de WordPress Accede directamente a la categor\u00eda que necesites [&hellip;]<\/p>\n","protected":false},"author":2,"featured_media":0,"parent":0,"menu_order":0,"comment_status":"closed","ping_status":"closed","template":"","meta":{"footnotes":""},"class_list":["post-23","page","type-page","status-publish","hentry"],"_hostinger_reach_plugin_has_subscription_block":false,"_hostinger_reach_plugin_is_elementor":false,"_links":{"self":[{"href":"https:\/\/josebet03.paginas-web-cr.com\/index.php?rest_route=\/wp\/v2\/pages\/23","targetHints":{"allow":["GET"]}}],"collection":[{"href":"https:\/\/josebet03.paginas-web-cr.com\/index.php?rest_route=\/wp\/v2\/pages"}],"about":[{"href":"https:\/\/josebet03.paginas-web-cr.com\/index.php?rest_route=\/wp\/v2\/types\/page"}],"author":[{"embeddable":true,"href":"https:\/\/josebet03.paginas-web-cr.com\/index.php?rest_route=\/wp\/v2\/users\/2"}],"replies":[{"embeddable":true,"href":"https:\/\/josebet03.paginas-web-cr.com\/index.php?rest_route=%2Fwp%2Fv2%2Fcomments&post=23"}],"version-history":[{"count":7,"href":"https:\/\/josebet03.paginas-web-cr.com\/index.php?rest_route=\/wp\/v2\/pages\/23\/revisions"}],"predecessor-version":[{"id":120,"href":"https:\/\/josebet03.paginas-web-cr.com\/index.php?rest_route=\/wp\/v2\/pages\/23\/revisions\/120"}],"wp:attachment":[{"href":"https:\/\/josebet03.paginas-web-cr.com\/index.php?rest_route=%2Fwp%2Fv2%2Fmedia&parent=23"}],"curies":[{"name":"wp","href":"https:\/\/api.w.org\/{rel}","templated":true}]}}