{"id":71,"date":"2026-03-21T02:03:03","date_gmt":"2026-03-21T02:03:03","guid":{"rendered":"https:\/\/josebet03.paginas-web-cr.com\/?page_id=71"},"modified":"2026-03-21T02:03:28","modified_gmt":"2026-03-21T02:03:28","slug":"soporte-tecnico","status":"publish","type":"page","link":"https:\/\/josebet03.paginas-web-cr.com\/?page_id=71","title":{"rendered":"Soporte T\u00e9cnico"},"content":{"rendered":"\n<p><strong>Problema real:<\/strong> Los usuarios necesitan ayuda directa cuando no encuentran soluci\u00f3n en la documentaci\u00f3n. <strong>Soluci\u00f3n pr\u00e1ctica:<\/strong><\/p>\n\n\n\n<ul class=\"wp-block-list\">\n<li>Ve al men\u00fa lateral \u2192 Soporte.<\/li>\n\n\n\n<li>Completa el formulario con tu problema.<\/li>\n\n\n\n<li>Adjunta capturas de pantalla si es necesario. <\/li>\n<\/ul>\n\n\n\n<p><strong>Nota final:<\/strong> Cuanto m\u00e1s detallada sea tu consulta, m\u00e1s r\u00e1pido recibir\u00e1s una respuesta \u00fatil.<\/p>\n\n\n\n<p><\/p>\n","protected":false},"excerpt":{"rendered":"<p>Problema real: Los usuarios necesitan ayuda directa cuando no encuentran soluci\u00f3n en la documentaci\u00f3n. Soluci\u00f3n pr\u00e1ctica: Nota final: Cuanto m\u00e1s detallada sea tu consulta, m\u00e1s r\u00e1pido recibir\u00e1s una respuesta \u00fatil.<\/p>\n","protected":false},"author":2,"featured_media":0,"parent":0,"menu_order":0,"comment_status":"closed","ping_status":"closed","template":"","meta":{"footnotes":""},"class_list":["post-71","page","type-page","status-publish","hentry"],"_hostinger_reach_plugin_has_subscription_block":false,"_hostinger_reach_plugin_is_elementor":false,"_links":{"self":[{"href":"https:\/\/josebet03.paginas-web-cr.com\/index.php?rest_route=\/wp\/v2\/pages\/71","targetHints":{"allow":["GET"]}}],"collection":[{"href":"https:\/\/josebet03.paginas-web-cr.com\/index.php?rest_route=\/wp\/v2\/pages"}],"about":[{"href":"https:\/\/josebet03.paginas-web-cr.com\/index.php?rest_route=\/wp\/v2\/types\/page"}],"author":[{"embeddable":true,"href":"https:\/\/josebet03.paginas-web-cr.com\/index.php?rest_route=\/wp\/v2\/users\/2"}],"replies":[{"embeddable":true,"href":"https:\/\/josebet03.paginas-web-cr.com\/index.php?rest_route=%2Fwp%2Fv2%2Fcomments&post=71"}],"version-history":[{"count":1,"href":"https:\/\/josebet03.paginas-web-cr.com\/index.php?rest_route=\/wp\/v2\/pages\/71\/revisions"}],"predecessor-version":[{"id":72,"href":"https:\/\/josebet03.paginas-web-cr.com\/index.php?rest_route=\/wp\/v2\/pages\/71\/revisions\/72"}],"wp:attachment":[{"href":"https:\/\/josebet03.paginas-web-cr.com\/index.php?rest_route=%2Fwp%2Fv2%2Fmedia&parent=71"}],"curies":[{"name":"wp","href":"https:\/\/api.w.org\/{rel}","templated":true}]}}