{"id":73,"date":"2026-03-21T02:03:41","date_gmt":"2026-03-21T02:03:41","guid":{"rendered":"https:\/\/josebet03.paginas-web-cr.com\/?page_id=73"},"modified":"2026-03-21T02:04:00","modified_gmt":"2026-03-21T02:04:00","slug":"guias-avanzadas","status":"publish","type":"page","link":"https:\/\/josebet03.paginas-web-cr.com\/?page_id=73","title":{"rendered":"Gu\u00edas Avanzadas"},"content":{"rendered":"\n<p><strong>Problema real:<\/strong> Usuarios avanzados quieren personalizar funciones sin romper el sitio. <strong>Soluci\u00f3n pr\u00e1ctica:<\/strong><\/p>\n\n\n\n<ul class=\"wp-block-list\">\n<li>Accede a la secci\u00f3n <strong>Gu\u00edas Avanzadas<\/strong>.<\/li>\n\n\n\n<li>Sigue tutoriales sobre hooks, filtros y child themes. <\/li>\n<\/ul>\n\n\n\n<p><strong>Nota final:<\/strong> Siempre haz pruebas en un entorno de desarrollo antes de aplicar cambios en producci\u00f3n.<\/p>\n\n\n\n<p><\/p>\n","protected":false},"excerpt":{"rendered":"<p>Problema real: Usuarios avanzados quieren personalizar funciones sin romper el sitio. Soluci\u00f3n pr\u00e1ctica: Nota final: Siempre haz pruebas en un entorno de desarrollo antes de aplicar cambios en producci\u00f3n.<\/p>\n","protected":false},"author":2,"featured_media":0,"parent":0,"menu_order":0,"comment_status":"closed","ping_status":"closed","template":"","meta":{"footnotes":""},"class_list":["post-73","page","type-page","status-publish","hentry"],"_hostinger_reach_plugin_has_subscription_block":false,"_hostinger_reach_plugin_is_elementor":false,"_links":{"self":[{"href":"https:\/\/josebet03.paginas-web-cr.com\/index.php?rest_route=\/wp\/v2\/pages\/73","targetHints":{"allow":["GET"]}}],"collection":[{"href":"https:\/\/josebet03.paginas-web-cr.com\/index.php?rest_route=\/wp\/v2\/pages"}],"about":[{"href":"https:\/\/josebet03.paginas-web-cr.com\/index.php?rest_route=\/wp\/v2\/types\/page"}],"author":[{"embeddable":true,"href":"https:\/\/josebet03.paginas-web-cr.com\/index.php?rest_route=\/wp\/v2\/users\/2"}],"replies":[{"embeddable":true,"href":"https:\/\/josebet03.paginas-web-cr.com\/index.php?rest_route=%2Fwp%2Fv2%2Fcomments&post=73"}],"version-history":[{"count":1,"href":"https:\/\/josebet03.paginas-web-cr.com\/index.php?rest_route=\/wp\/v2\/pages\/73\/revisions"}],"predecessor-version":[{"id":74,"href":"https:\/\/josebet03.paginas-web-cr.com\/index.php?rest_route=\/wp\/v2\/pages\/73\/revisions\/74"}],"wp:attachment":[{"href":"https:\/\/josebet03.paginas-web-cr.com\/index.php?rest_route=%2Fwp%2Fv2%2Fmedia&parent=73"}],"curies":[{"name":"wp","href":"https:\/\/api.w.org\/{rel}","templated":true}]}}